{"id":203,"date":"2011-09-14T09:45:02","date_gmt":"2011-09-14T09:45:02","guid":{"rendered":"http:\/\/192.168.9.29\/Development\/TB\/?page_id=203"},"modified":"2014-01-03T13:45:07","modified_gmt":"2014-01-03T12:45:07","slug":"about-us","status":"publish","type":"page","link":"https:\/\/www.debri.at\/","title":{"rendered":"Home"},"content":{"rendered":"<hgroup class=\"title-box clearfix top-title\"><h2 class=\"title-box_primary\">Wir bieten Ihnen<\/h2><h3 class=\"title-box_secondary\">Flexibilit\u00e4t, langj\u00e4hrige Erfahrung, guter Service, Ehrlichkeit, einen tollen Kundenservice und ein faires Preis-Leistungs-Verh\u00e4ltnis.<\/h3><\/hgroup><!-- \/\/.title-box -->\n","protected":false},"excerpt":{"rendered":"","protected":false},"author":1,"featured_media":0,"parent":0,"menu_order":0,"comment_status":"open","ping_status":"closed","template":"page-home.php","meta":[],"_links":{"self":[{"href":"https:\/\/www.debri.at\/index.php?rest_route=\/wp\/v2\/pages\/203"}],"collection":[{"href":"https:\/\/www.debri.at\/index.php?rest_route=\/wp\/v2\/pages"}],"about":[{"href":"https:\/\/www.debri.at\/index.php?rest_route=\/wp\/v2\/types\/page"}],"author":[{"embeddable":true,"href":"https:\/\/www.debri.at\/index.php?rest_route=\/wp\/v2\/users\/1"}],"replies":[{"embeddable":true,"href":"https:\/\/www.debri.at\/index.php?rest_route=%2Fwp%2Fv2%2Fcomments&post=203"}],"version-history":[{"count":11,"href":"https:\/\/www.debri.at\/index.php?rest_route=\/wp\/v2\/pages\/203\/revisions"}],"predecessor-version":[{"id":2448,"href":"https:\/\/www.debri.at\/index.php?rest_route=\/wp\/v2\/pages\/203\/revisions\/2448"}],"wp:attachment":[{"href":"https:\/\/www.debri.at\/index.php?rest_route=%2Fwp%2Fv2%2Fmedia&parent=203"}],"curies":[{"name":"wp","href":"https:\/\/api.w.org\/{rel}","templated":true}]}}