{"id":2134,"date":"2013-12-16T20:56:03","date_gmt":"2013-12-16T20:56:03","guid":{"rendered":"http:\/\/www.debri.at\/?page_id=2134"},"modified":"2014-01-06T20:04:10","modified_gmt":"2014-01-06T19:04:10","slug":"metallbau","status":"publish","type":"page","link":"https:\/\/www.debri.at\/?page_id=2134","title":{"rendered":"Metallbau"},"content":{"rendered":"<div class=\"span8\"><h2><span style=\"color: #ff9900;\">Aufgrund unserer langj\u00e4hrigen Erfahrung, k\u00f6nnen wir unseren Kunden\u00a0Alu- und Edelstahlarbeiten, sowie Metallkonstruktionen jeglicher Art anbieten.<\/span><\/h2><\/div>\n<div class=\"span8\">Unser Angebot umfasst:<\/p>\n<p>Z\u00e4une,\u00a0Gel\u00e4nder,\u00a0Balkone,\u00a0Eingangs- und Trennt\u00fcren, Tore, Vord\u00e4cher,\u00a0Rauchfangkehrerstege, Eingangsportale, Kellertrennw\u00e4nde, Schauk\u00e4sten,\u00a0Schl\u00fcsselschr\u00e4nke, Balkenschl\u00f6sser und vieles mehr.<\/p>\n<p><span style=\"text-decoration: underline;\">Alle Erzeugnisse werden von unseren Monteuren fachgerecht montiert.<\/span><br \/><\/div>\n","protected":false},"excerpt":{"rendered":"","protected":false},"author":1,"featured_media":0,"parent":2058,"menu_order":0,"comment_status":"open","ping_status":"open","template":"page-fullwidth.php","meta":[],"_links":{"self":[{"href":"https:\/\/www.debri.at\/index.php?rest_route=\/wp\/v2\/pages\/2134"}],"collection":[{"href":"https:\/\/www.debri.at\/index.php?rest_route=\/wp\/v2\/pages"}],"about":[{"href":"https:\/\/www.debri.at\/index.php?rest_route=\/wp\/v2\/types\/page"}],"author":[{"embeddable":true,"href":"https:\/\/www.debri.at\/index.php?rest_route=\/wp\/v2\/users\/1"}],"replies":[{"embeddable":true,"href":"https:\/\/www.debri.at\/index.php?rest_route=%2Fwp%2Fv2%2Fcomments&post=2134"}],"version-history":[{"count":9,"href":"https:\/\/www.debri.at\/index.php?rest_route=\/wp\/v2\/pages\/2134\/revisions"}],"predecessor-version":[{"id":2467,"href":"https:\/\/www.debri.at\/index.php?rest_route=\/wp\/v2\/pages\/2134\/revisions\/2467"}],"up":[{"embeddable":true,"href":"https:\/\/www.debri.at\/index.php?rest_route=\/wp\/v2\/pages\/2058"}],"wp:attachment":[{"href":"https:\/\/www.debri.at\/index.php?rest_route=%2Fwp%2Fv2%2Fmedia&parent=2134"}],"curies":[{"name":"wp","href":"https:\/\/api.w.org\/{rel}","templated":true}]}}