{"id":2268,"date":"2014-01-02T16:19:33","date_gmt":"2014-01-02T15:19:33","guid":{"rendered":"http:\/\/www.debri.at\/?page_id=2268"},"modified":"2014-01-08T13:58:16","modified_gmt":"2014-01-08T12:58:16","slug":"standard-modell","status":"publish","type":"page","link":"https:\/\/www.debri.at\/?page_id=2268","title":{"rendered":"Standardmodelle"},"content":{"rendered":"<div class=\"span8\"><h2><span style=\"color: #ff8c00;\">Breite Ausf\u00fchrung:<\/span> Modell MAIL 120 B<\/h2><\/div>\n<div class=\"span8\"><img loading=\"lazy\" class=\"size-medium wp-image-2255 alignleft\" style=\"line-height: 24px; font-size: 16px;\" alt=\"Kopie von Modell-01\" src=\"http:\/\/www.debri.at\/wp-content\/uploads\/2012\/10\/Kopie-von-Modell-01-300x127.jpg\" width=\"300\" height=\"127\" srcset=\"https:\/\/www.debri.at\/wp-content\/uploads\/2012\/10\/Kopie-von-Modell-01-300x127.jpg 300w, https:\/\/www.debri.at\/wp-content\/uploads\/2012\/10\/Kopie-von-Modell-01-1024x436.jpg 1024w\" sizes=\"(max-width: 300px) 100vw, 300px\" \/><br \/>\n120mm Fachh\u00f6he sorgen f\u00fcr gen\u00fcgend<br \/>\nAufnahmevolumen und mehr Sicherheit\u00a0des Postgutes.<br \/>\nB:370mm, H:120mm, T:280mm<br \/>\nEntspricht \u00d6NORM 13724<br \/><\/div>\n<div class=\"span8\"><h2><span style=\"color: #ff8c00;\">Tiefe Ausf\u00fchrung:<\/span>\u00a0Modell MAIL 120 T<\/h2><\/div>\n<div class=\"span8\"><img loading=\"lazy\" class=\"alignleft size-medium wp-image-2255\" alt=\"Kopie von Modell-01\" src=\"http:\/\/www.debri.at\/wp-content\/uploads\/2012\/10\/Kopie-von-Modell-01-300x127.jpg\" width=\"300\" height=\"127\" srcset=\"https:\/\/www.debri.at\/wp-content\/uploads\/2012\/10\/Kopie-von-Modell-01-300x127.jpg 300w, https:\/\/www.debri.at\/wp-content\/uploads\/2012\/10\/Kopie-von-Modell-01-1024x436.jpg 1024w\" sizes=\"(max-width: 300px) 100vw, 300px\" \/><br \/>\nDie schm\u00e4lere daf\u00fcr tiefere Variante des Modells 120 B<br \/>\nB:305mm, H:120mm, T:380mm<br \/>\nEntspricht \u00d6NORM 13724<br \/><\/div>\n<div class=\"span8\"><h2><span style=\"color: #ff8c00;\">Hohe Ausf\u00fchrung:<\/span>\u00a0Modell MAIL 330 H<\/h2><\/div>\n<div class=\"span8\"><a href=\"http:\/\/www.debri.at\/wp-content\/uploads\/2012\/10\/Modell-01-Hoch.jpg\"><img loading=\"lazy\" class=\"alignleft size-medium wp-image-2265\" alt=\"Modell-01-Hoch\" src=\"http:\/\/www.debri.at\/wp-content\/uploads\/2012\/10\/Modell-01-Hoch-300x277.jpg\" width=\"300\" height=\"277\" srcset=\"https:\/\/www.debri.at\/wp-content\/uploads\/2012\/10\/Modell-01-Hoch-300x277.jpg 300w, https:\/\/www.debri.at\/wp-content\/uploads\/2012\/10\/Modell-01-Hoch-1024x946.jpg 1024w\" sizes=\"(max-width: 300px) 100vw, 300px\" \/><\/a><br \/>\nNur 120mm Fachtiefe Ideales Modell bei wenig vorhandener Raumtiefe<br \/>\nB:370mm, H:330mm, T:120mm<br \/>\nEntspricht \u00d6NORM 13724<br \/><\/div>\n","protected":false},"excerpt":{"rendered":"","protected":false},"author":1,"featured_media":0,"parent":1278,"menu_order":0,"comment_status":"open","ping_status":"closed","template":"page-fullwidth.php","meta":[],"_links":{"self":[{"href":"https:\/\/www.debri.at\/index.php?rest_route=\/wp\/v2\/pages\/2268"}],"collection":[{"href":"https:\/\/www.debri.at\/index.php?rest_route=\/wp\/v2\/pages"}],"about":[{"href":"https:\/\/www.debri.at\/index.php?rest_route=\/wp\/v2\/types\/page"}],"author":[{"embeddable":true,"href":"https:\/\/www.debri.at\/index.php?rest_route=\/wp\/v2\/users\/1"}],"replies":[{"embeddable":true,"href":"https:\/\/www.debri.at\/index.php?rest_route=%2Fwp%2Fv2%2Fcomments&post=2268"}],"version-history":[{"count":5,"href":"https:\/\/www.debri.at\/index.php?rest_route=\/wp\/v2\/pages\/2268\/revisions"}],"predecessor-version":[{"id":2473,"href":"https:\/\/www.debri.at\/index.php?rest_route=\/wp\/v2\/pages\/2268\/revisions\/2473"}],"up":[{"embeddable":true,"href":"https:\/\/www.debri.at\/index.php?rest_route=\/wp\/v2\/pages\/1278"}],"wp:attachment":[{"href":"https:\/\/www.debri.at\/index.php?rest_route=%2Fwp%2Fv2%2Fmedia&parent=2268"}],"curies":[{"name":"wp","href":"https:\/\/api.w.org\/{rel}","templated":true}]}}