{"id":2273,"date":"2014-01-02T16:22:45","date_gmt":"2014-01-02T15:22:45","guid":{"rendered":"http:\/\/www.debri.at\/?page_id=2273"},"modified":"2014-01-08T13:58:54","modified_gmt":"2014-01-08T12:58:54","slug":"sonderserie-secur","status":"publish","type":"page","link":"https:\/\/www.debri.at\/?page_id=2273","title":{"rendered":"Sonderserie SECUR"},"content":{"rendered":"<h2><span style=\"color: #ff8c00;\">Bei der Sonderserie SECUR haben Sicherheit und Komfort oberste Priorit\u00e4t:<\/span><\/h2>\n<p>Diese Serie bietet 100% mehr Aufnahmevolumen als Standardbriefk\u00e4sten, noch mehr Sicherheit gegen unbefugte Postentnahme und den Komfort das Brieffach bei k\u00fcrzerer Abwesenheit als Urlaubsfach zu verwenden.<\/p>\n<div class=\"span8\"><h2><span style=\"color: #ff8c00;\">Breite Ausf\u00fchrung mit doppelter Fachh\u00f6he:<\/span> Modell SECUR 240 B<\/h2><\/div>\n<div class=\"span8\"><img loading=\"lazy\" class=\"alignleft size-medium wp-image-2298\" alt=\"OLYMPUS DIGITAL CAMERA\" src=\"http:\/\/www.debri.at\/wp-content\/uploads\/2014\/01\/Modell-02B100-300x231.jpg\" width=\"300\" height=\"231\" srcset=\"https:\/\/www.debri.at\/wp-content\/uploads\/2014\/01\/Modell-02B100-300x231.jpg 300w, https:\/\/www.debri.at\/wp-content\/uploads\/2014\/01\/Modell-02B100-1024x790.jpg 1024w, https:\/\/www.debri.at\/wp-content\/uploads\/2014\/01\/Modell-02B100.jpg 1757w\" sizes=\"(max-width: 300px) 100vw, 300px\" \/><br \/>\nB:370mm<br \/>\nH:240mm<br \/>\nT:280mm<br \/>\nEntspricht \u00d6NORM 13724<br \/><\/div>\n<div class=\"span8\"><h2><span style=\"color: #ff8c00;\">Tiefe Ausf\u00fchrung mit doppelter Fachh\u00f6he:<\/span> Modell SECUR 240 T<\/h2><\/div>\n<div class=\"span8\"><img loading=\"lazy\" class=\"alignleft size-medium wp-image-2300\" alt=\"OLYMPUS DIGITAL CAMERA\" src=\"http:\/\/www.debri.at\/wp-content\/uploads\/2014\/01\/Modell-02T100-300x231.jpg\" width=\"300\" height=\"231\" srcset=\"https:\/\/www.debri.at\/wp-content\/uploads\/2014\/01\/Modell-02T100-300x231.jpg 300w, https:\/\/www.debri.at\/wp-content\/uploads\/2014\/01\/Modell-02T100-1024x790.jpg 1024w, https:\/\/www.debri.at\/wp-content\/uploads\/2014\/01\/Modell-02T100.jpg 1757w\" sizes=\"(max-width: 300px) 100vw, 300px\" \/><br \/>\nB:305mm<br \/>\nH:240mm<br \/>\nT:380mm<br \/>\nEntspricht \u00d6NORM 13724<br \/><\/div>\n","protected":false},"excerpt":{"rendered":"<p>Bei der Sonderserie SECUR haben Sicherheit und Komfort oberste Priorit\u00e4t: Diese Serie bietet 100% mehr Aufnahmevolumen als Standardbriefk\u00e4sten, noch mehr Sicherheit gegen unbefugte Postentnahme und den Komfort das Brieffach bei k\u00fcrzerer Abwesenheit als Urlaubsfach zu verwenden.<\/p>\n","protected":false},"author":1,"featured_media":0,"parent":1278,"menu_order":0,"comment_status":"open","ping_status":"closed","template":"page-fullwidth.php","meta":[],"_links":{"self":[{"href":"https:\/\/www.debri.at\/index.php?rest_route=\/wp\/v2\/pages\/2273"}],"collection":[{"href":"https:\/\/www.debri.at\/index.php?rest_route=\/wp\/v2\/pages"}],"about":[{"href":"https:\/\/www.debri.at\/index.php?rest_route=\/wp\/v2\/types\/page"}],"author":[{"embeddable":true,"href":"https:\/\/www.debri.at\/index.php?rest_route=\/wp\/v2\/users\/1"}],"replies":[{"embeddable":true,"href":"https:\/\/www.debri.at\/index.php?rest_route=%2Fwp%2Fv2%2Fcomments&post=2273"}],"version-history":[{"count":7,"href":"https:\/\/www.debri.at\/index.php?rest_route=\/wp\/v2\/pages\/2273\/revisions"}],"predecessor-version":[{"id":2475,"href":"https:\/\/www.debri.at\/index.php?rest_route=\/wp\/v2\/pages\/2273\/revisions\/2475"}],"up":[{"embeddable":true,"href":"https:\/\/www.debri.at\/index.php?rest_route=\/wp\/v2\/pages\/1278"}],"wp:attachment":[{"href":"https:\/\/www.debri.at\/index.php?rest_route=%2Fwp%2Fv2%2Fmedia&parent=2273"}],"curies":[{"name":"wp","href":"https:\/\/api.w.org\/{rel}","templated":true}]}}