{"id":2440,"date":"2014-01-03T13:34:39","date_gmt":"2014-01-03T12:34:39","guid":{"rendered":"http:\/\/www.debri.at\/?page_id=2440"},"modified":"2014-01-06T19:58:27","modified_gmt":"2014-01-06T18:58:27","slug":"instandsetzungen","status":"publish","type":"page","link":"https:\/\/www.debri.at\/?page_id=2440","title":{"rendered":"Instandsetzungen"},"content":{"rendered":"<p>Im Ramen unserer Schlosserarbeiten k\u00fcmmern wir uns auch gerne um allf\u00e4llige Instandsetzungen renovierungsbed\u00fcrftiger Objekte.<\/p>\n<p>&nbsp;<\/p>\n<p>Gerne lassen wir Ihnen ein ma\u00dfgeschneidertes Angebot zukommen.<\/p>\n<p>Wir freuen uns auf Ihre Anfrage, per Telefon (+43\u00a01\/729 39 88),<br \/>\nFax (+43\u00a01\/729 39 88),\u00a0E-mail:\u00a0<a href=\"mailto:office@debri.at\">office@debri.at<\/a>\u00a0oder<br \/>\ndirekt \u00fcber das <a title=\"Kontakt\" href=\"http:\/\/www.debri.at\/?page_id=6\">Kontaktformular<\/a>.<\/p>\n<p>&nbsp;<\/p>\n","protected":false},"excerpt":{"rendered":"<p>Im Ramen unserer Schlosserarbeiten k\u00fcmmern wir uns auch gerne um allf\u00e4llige Instandsetzungen renovierungsbed\u00fcrftiger Objekte. &nbsp; Gerne lassen wir Ihnen ein ma\u00dfgeschneidertes Angebot zukommen. Wir freuen uns auf Ihre Anfrage, per Telefon (+43\u00a01\/729 39 88), Fax (+43\u00a01\/729 39 88),\u00a0E-mail:\u00a0office@debri.at\u00a0oder direkt \u00fcber das Kontaktformular. &nbsp;<\/p>\n","protected":false},"author":1,"featured_media":0,"parent":0,"menu_order":0,"comment_status":"open","ping_status":"open","template":"","meta":[],"_links":{"self":[{"href":"https:\/\/www.debri.at\/index.php?rest_route=\/wp\/v2\/pages\/2440"}],"collection":[{"href":"https:\/\/www.debri.at\/index.php?rest_route=\/wp\/v2\/pages"}],"about":[{"href":"https:\/\/www.debri.at\/index.php?rest_route=\/wp\/v2\/types\/page"}],"author":[{"embeddable":true,"href":"https:\/\/www.debri.at\/index.php?rest_route=\/wp\/v2\/users\/1"}],"replies":[{"embeddable":true,"href":"https:\/\/www.debri.at\/index.php?rest_route=%2Fwp%2Fv2%2Fcomments&post=2440"}],"version-history":[{"count":3,"href":"https:\/\/www.debri.at\/index.php?rest_route=\/wp\/v2\/pages\/2440\/revisions"}],"predecessor-version":[{"id":2462,"href":"https:\/\/www.debri.at\/index.php?rest_route=\/wp\/v2\/pages\/2440\/revisions\/2462"}],"wp:attachment":[{"href":"https:\/\/www.debri.at\/index.php?rest_route=%2Fwp%2Fv2%2Fmedia&parent=2440"}],"curies":[{"name":"wp","href":"https:\/\/api.w.org\/{rel}","templated":true}]}}